{"id":2,"date":"2020-12-10T14:14:10","date_gmt":"2020-12-10T14:14:10","guid":{"rendered":"http:\/?page_id=2"},"modified":"2024-07-10T14:31:13","modified_gmt":"2024-07-10T18:31:13","slug":"sample-page","status":"publish","type":"page","link":"https:\/\/www.agri.ec\/en\/sample-page\/","title":{"rendered":"Sample Page"},"content":{"rendered":"<div id=\"que-es-agri\" class=\"fusion-container-anchor\"><div class=\"fusion-fullwidth fullwidth-box fusion-builder-row-1 fusion-flex-container has-pattern-background has-mask-background fusion-parallax-none hundred-percent-fullwidth non-hundred-percent-height-scrolling lazyload\" style=\"--awb-border-sizes-top:0;--awb-border-sizes-bottom:0;--awb-border-sizes-left:0;--awb-border-sizes-right:0;--awb-border-color:rgba(255,255,255,0);--awb-border-radius-top-left:0px;--awb-border-radius-top-right:0px;--awb-border-radius-bottom-right:0px;--awb-border-radius-bottom-left:0px;--awb-padding-top:12%;--awb-padding-bottom:7%;--awb-background-color:#338f40;--awb-background-image:linear-gradient(180deg, rgba(0,0,0,0.49) 0%,rgba(255,255,255,0) 100%);;--awb-background-size:cover;--awb-flex-wrap:wrap;\" data-bg=\"https:\/\/www.agri.cl\/wp-content\/uploads\/2023\/09\/cosecha2-min.jpeg\" data-bg-gradient=\"linear-gradient(180deg, rgba(0,0,0,0.49) 0%,rgba(255,255,255,0) 100%)\" ><div class=\"fusion-builder-row fusion-row fusion-flex-align-items-flex-start fusion-flex-justify-content-center fusion-flex-content-wrap\" style=\"width:104% !important;max-width:104% !important;margin-left: calc(-4% \/ 2 );margin-right: calc(-4% \/ 2 );\"><div class=\"fusion-layout-column fusion_builder_column fusion-builder-column-0 fusion_builder_column_4_5 4_5 fusion-flex-column\" style=\"--awb-padding-top-small:6%;--awb-bg-size:cover;--awb-width-large:80%;--awb-margin-top-large:0px;--awb-spacing-right-large:2.4%;--awb-margin-bottom-large:20px;--awb-spacing-left-large:2.4%;--awb-width-medium:100%;--awb-order-medium:0;--awb-spacing-right-medium:1.92%;--awb-spacing-left-medium:1.92%;--awb-width-small:100%;--awb-order-small:0;--awb-spacing-right-small:1.92%;--awb-spacing-left-small:1.92%;\"><div class=\"fusion-column-wrapper fusion-column-has-shadow fusion-flex-justify-content-flex-start fusion-content-layout-column\"><div class=\"fusion-text fusion-text-1 titulo-demo-fads\" style=\"--awb-content-alignment:center;--awb-font-size:48px;--awb-line-height:1.3em;--awb-text-transform:none;--awb-text-color:var(--awb-color1);--awb-text-font-family:&quot;Montserrat&quot;;--awb-text-font-style:normal;--awb-text-font-weight:600;\"><p>Administra tus campos agr\u00edcolas de manera<br \/>\ncentralizada, simple y 100% digital<\/p>\n<\/div><div class=\"fusion-builder-row fusion-builder-row-inner fusion-row fusion-flex-align-items-flex-start fusion-flex-justify-content-center fusion-flex-content-wrap\" style=\"width:104% !important;max-width:104% !important;margin-left: calc(-4% \/ 2 );margin-right: calc(-4% \/ 2 );\"><div class=\"fusion-layout-column fusion_builder_column_inner fusion-builder-nested-column-0 fusion_builder_column_inner_2_3 2_3 fusion-flex-column fusion-flex-align-self-flex-start\" style=\"--awb-padding-top:2%;--awb-bg-size:cover;--awb-width-large:66.666666666667%;--awb-margin-top-large:0px;--awb-spacing-right-large:0%;--awb-margin-bottom-large:20px;--awb-spacing-left-large:0%;--awb-width-medium:100%;--awb-order-medium:0;--awb-spacing-right-medium:1.92%;--awb-spacing-left-medium:1.92%;--awb-width-small:100%;--awb-order-small:0;--awb-spacing-right-small:1.92%;--awb-spacing-left-small:1.92%;\" data-scroll-devices=\"small-visibility,medium-visibility,large-visibility\"><div class=\"fusion-column-wrapper fusion-column-has-shadow fusion-flex-justify-content-flex-start fusion-content-layout-column\"><div class=\"fusion-text fusion-text-2 text-subtitle-gads\" style=\"--awb-content-alignment:center;--awb-font-size:20px;--awb-line-height:1.4em;--awb-letter-spacing:0.02em;--awb-text-color:var(--awb-color1);--awb-text-font-family:&quot;DM Sans&quot;;--awb-text-font-style:normal;--awb-text-font-weight:300;\"><p>AGRI es un software de gesti\u00f3n dise\u00f1ado para ayudar a las empresas agr\u00edcolas a administrar todos los procesos y cultivos en un mismo lugar<\/p>\n<\/div><\/div><\/div><\/div><div style=\"text-align:center;\"><a class=\"fusion-button button-flat button-large button-custom fusion-button-default button-1 fusion-button-span-no fusion-button-default-type fusion-has-button-gradient\" style=\"--button_accent_color:#ffffff;--button_accent_hover_color:#ffffff;--button_border_hover_color:rgba(255,255,255,0);--button_border_width-top:1px;--button_border_width-right:1px;--button_border_width-bottom:1px;--button_border_width-left:1px;--button_gradient_top_color:rgba(128,188,0,0);--button_gradient_bottom_color:rgba(128,188,0,0);--button_gradient_top_color_hover:#43b17b;--button_gradient_bottom_color_hover:var(--awb-custom_color_3);--button_text_transform:uppercase;--button_margin-top:1%;--button_margin-bottom:2%;\" target=\"_self\" href=\"\/en\/software-gads\/#probar-gratis\"><span class=\"fusion-button-text awb-button__text awb-button__text--default\">TRY IT FOR FREE<\/span><\/a><\/div><div class=\"fusion-separator fusion-no-large-visibility fusion-full-width-sep\" style=\"align-self: center;margin-left: auto;margin-right: auto;margin-top:2%;margin-bottom:2%;width:100%;\"><\/div><\/div><\/div><\/div><\/div><\/div><div id=\"contacto\" class=\"fusion-container-anchor\"><div class=\"fusion-fullwidth fullwidth-box fusion-builder-row-2 fusion-flex-container has-pattern-background has-mask-background nonhundred-percent-fullwidth non-hundred-percent-height-scrolling\" style=\"--awb-border-radius-top-left:0px;--awb-border-radius-top-right:0px;--awb-border-radius-bottom-right:0px;--awb-border-radius-bottom-left:0px;--awb-padding-top:5%;--awb-padding-bottom:5%;--awb-padding-top-small:9%;--awb-padding-bottom-small:7%;--awb-background-color:var(--awb-color5);--awb-flex-wrap:wrap;\" ><div class=\"fusion-builder-row fusion-row fusion-flex-align-items-center fusion-flex-justify-content-center fusion-flex-content-wrap\" style=\"max-width:1268.8px;margin-left: calc(-4% \/ 2 );margin-right: calc(-4% \/ 2 );\"><div class=\"fusion-layout-column fusion_builder_column fusion-builder-column-1 fusion_builder_column_3_4 3_4 fusion-flex-column\" style=\"--awb-bg-size:cover;--awb-width-large:75%;--awb-margin-top-large:0px;--awb-spacing-right-large:2.56%;--awb-margin-bottom-large:20px;--awb-spacing-left-large:2.56%;--awb-width-medium:100%;--awb-order-medium:0;--awb-spacing-right-medium:1.92%;--awb-spacing-left-medium:1.92%;--awb-width-small:100%;--awb-order-small:0;--awb-spacing-right-small:1.92%;--awb-spacing-left-small:1.92%;\"><div class=\"fusion-column-wrapper fusion-column-has-shadow fusion-flex-justify-content-flex-start fusion-content-layout-column\"><div class=\"fusion-text fusion-text-3 fusion-animated fusion-no-small-visibility fusion-no-medium-visibility\" style=\"--awb-content-alignment:center;--awb-font-size:38px;--awb-line-height:1.3em;--awb-text-transform:none;--awb-text-color:var(--awb-color1);--awb-text-font-family:&quot;Montserrat&quot;;--awb-text-font-style:normal;--awb-text-font-weight:600;\" data-animationtype=\"fadeInUp\" data-animationduration=\"0.4\" data-animationoffset=\"top-into-view\"><p style=\"text-align: center;\">Ready to transform your farm management?<\/p>\n<\/div><div class=\"fusion-text fusion-text-4 fusion-animated fusion-no-large-visibility\" style=\"--awb-content-alignment:center;--awb-font-size:26px;--awb-line-height:1.2em;--awb-text-transform:none;--awb-text-color:var(--awb-color1);--awb-text-font-family:&quot;Montserrat&quot;;--awb-text-font-style:normal;--awb-text-font-weight:600;\" data-animationtype=\"fadeInUp\" data-animationduration=\"0.4\" data-animationoffset=\"top-into-view\"><p style=\"text-align: center;\">Ready to transform your farm management?<\/p>\n<\/div><\/div><\/div><div class=\"fusion-layout-column fusion_builder_column fusion-builder-column-2 fusion_builder_column_2_3 2_3 fusion-flex-column fusion-flex-align-self-flex-start conditional-container-form\" style=\"--awb-padding-top:8%;--awb-padding-right:4%;--awb-padding-bottom:8%;--awb-padding-left:4%;--awb-padding-top-small:6%;--awb-overflow:hidden;--awb-bg-color:var(--awb-color3);--awb-bg-color-hover:var(--awb-color3);--awb-bg-size:cover;--awb-border-radius:4px 4px 4px 4px;--awb-width-large:66.666666666667%;--awb-margin-top-large:0px;--awb-spacing-right-large:2.88%;--awb-margin-bottom-large:20px;--awb-spacing-left-large:2.88%;--awb-width-medium:100%;--awb-order-medium:0;--awb-spacing-right-medium:1.92%;--awb-spacing-left-medium:1.92%;--awb-width-small:100%;--awb-order-small:0;--awb-spacing-right-small:1.92%;--awb-spacing-left-small:1.92%;\" data-scroll-devices=\"small-visibility,medium-visibility,large-visibility\"><div class=\"fusion-column-wrapper fusion-column-has-shadow fusion-flex-justify-content-flex-start fusion-content-layout-column\"><div class=\"fusion-text fusion-text-5 fusion-animated fusion-no-small-visibility fusion-no-medium-visibility\" style=\"--awb-content-alignment:center;--awb-font-size:33px;--awb-line-height:1.2em;--awb-text-transform:none;--awb-text-color:var(--awb-color5);--awb-text-font-family:&quot;Montserrat&quot;;--awb-text-font-style:normal;--awb-text-font-weight:600;\" data-animationtype=\"fadeInUp\" data-animationduration=\"0.7\" data-animationoffset=\"top-into-view\"><p>Access the free demo<\/p>\n<\/div><div class=\"fusion-text fusion-text-6 fusion-animated fusion-no-large-visibility\" style=\"--awb-content-alignment:center;--awb-font-size:26px;--awb-line-height:1.2em;--awb-text-transform:none;--awb-text-color:var(--awb-color5);--awb-text-font-family:&quot;Montserrat&quot;;--awb-text-font-style:normal;--awb-text-font-weight:600;\" data-animationtype=\"fadeInUp\" data-animationduration=\"0.7\" data-animationoffset=\"top-into-view\"><p>Access the free demo<\/p>\n<\/div><div class=\"fusion-text fusion-text-7 fusion-animated fusion-text-no-margin\" style=\"--awb-content-alignment:center;--awb-font-size:17px;--awb-line-height:1.1;--awb-letter-spacing:0.01em;--awb-text-color:var(--awb-color7);--awb-text-font-family:&quot;Roboto&quot;;--awb-text-font-style:normal;--awb-text-font-weight:400;\" data-animationtype=\"fadeInUp\" data-animationduration=\"0.7\" data-animationoffset=\"top-into-view\"><p>Complete the form and get access credentials<\/p>\n<\/div><div class=\"fusion-separator fusion-no-large-visibility fusion-full-width-sep\" style=\"align-self: center;margin-left: auto;margin-right: auto;margin-top:2%;margin-bottom:1%;width:100%;\"><\/div><div class=\"wpforms-container wpforms-container-full wpforms-render-modern\" id=\"wpforms-15894\"><form id=\"wpforms-form-15894\" class=\"wpforms-validate wpforms-form wpforms-ajax-form\" data-formid=\"15894\" method=\"post\" enctype=\"multipart\/form-data\" action=\"\/en\/wp-json\/wp\/v2\/pages\/2\" data-token=\"da7b31cc7aa5104a94ff65ed6fa87dcb\" data-token-time=\"1775406999\" data-trp-original-action=\"\/en\/wp-json\/wp\/v2\/pages\/2\"><noscript class=\"wpforms-error-noscript\">Please enable JavaScript in your browser to complete this form.<\/noscript><div class=\"wpforms-hidden\" id=\"wpforms-error-noscript\">Please enable JavaScript in your browser to complete this form.<\/div><div class=\"wpforms-field-container\"><div id=\"wpforms-15894-field_14-container\" class=\"wpforms-field wpforms-field-layout\" data-field-id=\"14\"><label class=\"wpforms-field-label wpforms-label-hide\" aria-hidden=\"false\">Dise\u00f1o<\/label><div class=\"wpforms-field-layout-rows\"><div class=\"wpforms-layout-row\"><div class=\"wpforms-layout-column wpforms-layout-column-50\"><div id=\"wpforms-15894-field_1-container\" class=\"wpforms-field wpforms-field-name\" data-field-id=\"1\"><label class=\"wpforms-field-label wpforms-label-hide\" for=\"wpforms-15894-field_1\" aria-hidden=\"false\">firstname <span class=\"wpforms-required-label\" aria-hidden=\"true\">*<\/span><\/label><input type=\"text\" id=\"wpforms-15894-field_1\" class=\"wpforms-field-medium wpforms-field-required\" name=\"wpforms[fields][1]\" placeholder=\"Nombres\" aria-errormessage=\"wpforms-15894-field_1-error\" required><\/div><\/div><div class=\"wpforms-layout-column wpforms-layout-column-50\"><div id=\"wpforms-15894-field_9-container\" class=\"wpforms-field wpforms-field-name\" data-field-id=\"9\"><label class=\"wpforms-field-label wpforms-label-hide\" for=\"wpforms-15894-field_9\" aria-hidden=\"false\">lastname <span class=\"wpforms-required-label\" aria-hidden=\"true\">*<\/span><\/label><input type=\"text\" id=\"wpforms-15894-field_9\" class=\"wpforms-field-medium wpforms-field-required\" name=\"wpforms[fields][9]\" placeholder=\"Apellidos\" aria-errormessage=\"wpforms-15894-field_9-error\" required><\/div><\/div><\/div><div class=\"wpforms-layout-row\"><div class=\"wpforms-layout-column wpforms-layout-column-50\"><div id=\"wpforms-15894-field_2-container\" class=\"wpforms-field wpforms-field-email\" data-field-id=\"2\"><label class=\"wpforms-field-label wpforms-label-hide\" for=\"wpforms-15894-field_2\" aria-hidden=\"false\">Correo electr\u00f3nico <span class=\"wpforms-required-label\" aria-hidden=\"true\">*<\/span><\/label><input type=\"email\" id=\"wpforms-15894-field_2\" class=\"wpforms-field-medium wpforms-field-required\" name=\"wpforms[fields][2]\" placeholder=\"Correo electr\u00f3nico\" spellcheck=\"false\" aria-errormessage=\"wpforms-15894-field_2-error\" required><\/div><\/div><div class=\"wpforms-layout-column wpforms-layout-column-50\"><div id=\"wpforms-15894-field_3-container\" class=\"wpforms-field wpforms-field-phone numbersOnly\" data-field-id=\"3\"><label class=\"wpforms-field-label wpforms-label-hide\" for=\"wpforms-15894-field_3\" aria-hidden=\"false\">Tel\u00e9fono <span class=\"wpforms-required-label\" aria-hidden=\"true\">*<\/span><\/label><input type=\"tel\" id=\"wpforms-15894-field_3\" class=\"wpforms-field-medium wpforms-field-required\" data-rule-int-phone-field=\"true\" name=\"wpforms[fields][3]\" placeholder=\"+56 9 99999999\" aria-errormessage=\"wpforms-15894-field_3-error\" aria-describedby=\"wpforms-15894-field_3-description\" required><div id=\"wpforms-15894-field_3-description\" class=\"wpforms-field-description\">Considera el c\u00f3digo del pa\u00eds<\/div><\/div><\/div><\/div><div class=\"wpforms-layout-row\"><div class=\"wpforms-layout-column wpforms-layout-column-50\"><div id=\"wpforms-15894-field_10-container\" class=\"wpforms-field wpforms-field-text\" data-field-id=\"10\"><label class=\"wpforms-field-label wpforms-label-hide\" for=\"wpforms-15894-field_10\" aria-hidden=\"false\">Nombre de empresa <span class=\"wpforms-required-label\" aria-hidden=\"true\">*<\/span><\/label><input type=\"text\" id=\"wpforms-15894-field_10\" class=\"wpforms-field-medium wpforms-field-required\" name=\"wpforms[fields][10]\" placeholder=\"Nombre de empresa\" aria-errormessage=\"wpforms-15894-field_10-error\" required><\/div><\/div><div class=\"wpforms-layout-column wpforms-layout-column-50\"><div id=\"wpforms-15894-field_21-container\" class=\"wpforms-field wpforms-field-select wpforms-field-select-style-classic\" data-field-id=\"21\"><label class=\"wpforms-field-label wpforms-label-hide\" for=\"wpforms-15894-field_21\" aria-hidden=\"false\">rol_cargo <span class=\"wpforms-required-label\" aria-hidden=\"true\">*<\/span><\/label><select id=\"wpforms-15894-field_21\" class=\"wpforms-field-medium wpforms-field-required\" name=\"wpforms[fields][21]\" required=\"required\"><option value=\"\" class=\"placeholder\" disabled selected='selected'>Rol o cargo<\/option><option value=\"Due\u00f1o\" >Due\u00f1o<\/option><option value=\"Gerente General\" >Gerente General<\/option><option value=\"Gerente agr\u00edcola\" >Gerente agr\u00edcola<\/option><option value=\"Gerencia TI\" >Gerencia TI<\/option><option value=\"Administrador agr\u00edcola\" >Administrador agr\u00edcola<\/option><option value=\"Jefe de campo\" >Jefe de campo<\/option><option value=\"Asesor agr\u00edcola\" >Asesor agr\u00edcola<\/option><option value=\"Contador\" >Contador<\/option><option value=\"Contratista\" >Contratista<\/option><option value=\"Estudiante\" >Estudiante<\/option><option value=\"No trabajo en una agr\u00edcola\" >No trabajo en una agr\u00edcola<\/option><option value=\"Otro\" >Otro<\/option><\/select><\/div><\/div><\/div><div class=\"wpforms-layout-row\"><div class=\"wpforms-layout-column wpforms-layout-column-50\"><div id=\"wpforms-15894-field_20-container\" class=\"wpforms-field wpforms-field-select wpforms-field-select-style-classic\" data-field-id=\"20\"><label class=\"wpforms-field-label wpforms-label-hide\" for=\"wpforms-15894-field_20\" aria-hidden=\"false\">Producci\u00f3n principal <span class=\"wpforms-required-label\" aria-hidden=\"true\">*<\/span><\/label><select id=\"wpforms-15894-field_20\" class=\"wpforms-field-medium wpforms-field-required\" name=\"wpforms[fields][20]\" required=\"required\"><option value=\"\" class=\"placeholder\" disabled selected='selected'>Producci\u00f3n principal<\/option><option value=\"Cerezas\" >Cerezas<\/option><option value=\"Frutos Secos\" >Frutos Secos<\/option><option value=\"Paltos\/Aguacate\" >Paltos\/Aguacate<\/option><option value=\"Kiwis\" >Kiwis<\/option><option value=\"C\u00edtricos\" >C\u00edtricos<\/option><option value=\"Uvas\" >Uvas<\/option><option value=\"Manzanas\" >Manzanas<\/option><option value=\"Ciruelas\" >Ciruelas<\/option><option value=\"Otros cultivos\" >Otros cultivos<\/option><option value=\"Ganader\u00eda\" >Livestock farming<\/option><option value=\"No soy productor\" >No soy productor<\/option><\/select><\/div><\/div><div class=\"wpforms-layout-column wpforms-layout-column-50\"><div id=\"wpforms-15894-field_19-container\" class=\"wpforms-field wpforms-field-text numbersOnly\" data-field-id=\"19\"><label class=\"wpforms-field-label wpforms-label-hide\" for=\"wpforms-15894-field_19\" aria-hidden=\"false\">Cantidad de hect\u00e1reas <span class=\"wpforms-required-label\" aria-hidden=\"true\">*<\/span><\/label><input type=\"text\" id=\"wpforms-15894-field_19\" class=\"wpforms-field-medium wpforms-field-required\" name=\"wpforms[fields][19]\" placeholder=\"Cantidad de hect\u00e1reas\" aria-errormessage=\"wpforms-15894-field_19-error\" required><\/div><\/div><\/div><\/div><\/div><\/div><!-- .wpforms-field-container --><div class=\"wpforms-submit-container\" ><input type=\"hidden\" name=\"wpforms[id]\" value=\"15894\"><input type=\"hidden\" name=\"page_title\" value=\"\"><input type=\"hidden\" name=\"page_url\" value=\"https:\/\/www.agri.ec\/en\/wp-json\/wp\/v2\/pages\/2\"><button type=\"submit\" name=\"wpforms[submit]\" id=\"wpforms-submit-15894\" class=\"wpforms-submit\" data-alt-text=\"Accediendo...\" data-submit-text=\"ACCEDER AHORA\" aria-live=\"assertive\" value=\"wpforms-submit\">ACCEDER AHORA<\/button><img decoding=\"async\" src=\"data:image\/svg+xml,%3Csvg%20xmlns%3D%27http%3A%2F%2Fwww.w3.org%2F2000%2Fsvg%27%20width%3D%2726%27%20height%3D%2726%27%20viewBox%3D%270%200%2026%2026%27%3E%3Crect%20width%3D%2726%27%20height%3D%2726%27%20fill-opacity%3D%220%22%2F%3E%3C%2Fsvg%3E\" data-orig-src=\"https:\/\/www.agri.ec\/wp-content\/plugins\/wpforms\/assets\/images\/submit-spin.svg\" class=\"lazyload wpforms-submit-spinner\" style=\"display: none;\" width=\"26\" height=\"26\" alt=\"Loading\"><\/div><input type=\"hidden\" name=\"trp-form-language\" value=\"en\"\/><\/form><\/div>  <!-- .wpforms-container -->\t<\/div><\/div><\/div><\/div><\/div>","protected":false},"excerpt":{"rendered":"","protected":false},"author":1,"featured_media":0,"parent":0,"menu_order":0,"comment_status":"closed","ping_status":"open","template":"100-width.php","meta":{"content-type":"","footnotes":""},"class_list":["post-2","page","type-page","status-publish","hentry"],"_links":{"self":[{"href":"https:\/\/www.agri.ec\/en\/wp-json\/wp\/v2\/pages\/2","targetHints":{"allow":["GET"]}}],"collection":[{"href":"https:\/\/www.agri.ec\/en\/wp-json\/wp\/v2\/pages"}],"about":[{"href":"https:\/\/www.agri.ec\/en\/wp-json\/wp\/v2\/types\/page"}],"author":[{"embeddable":true,"href":"https:\/\/www.agri.ec\/en\/wp-json\/wp\/v2\/users\/1"}],"replies":[{"embeddable":true,"href":"https:\/\/www.agri.ec\/en\/wp-json\/wp\/v2\/comments?post=2"}],"version-history":[{"count":214,"href":"https:\/\/www.agri.ec\/en\/wp-json\/wp\/v2\/pages\/2\/revisions"}],"predecessor-version":[{"id":16031,"href":"https:\/\/www.agri.ec\/en\/wp-json\/wp\/v2\/pages\/2\/revisions\/16031"}],"wp:attachment":[{"href":"https:\/\/www.agri.ec\/en\/wp-json\/wp\/v2\/media?parent=2"}],"curies":[{"name":"wp","href":"https:\/\/api.w.org\/{rel}","templated":true}]}}